{"id":7827,"date":"2018-11-26T10:09:14","date_gmt":"2018-11-26T03:09:14","guid":{"rendered":"https:\/\/austrian-garden.com\/classic-deluxe-room\/"},"modified":"2026-04-18T09:14:18","modified_gmt":"2026-04-18T02:14:18","slug":"classic-deluxe-room","status":"publish","type":"page","link":"https:\/\/austrian-garden.com\/en\/austrian-garden-hotel\/classic-deluxe-room\/","title":{"rendered":"Classic Deluxe Room"},"content":{"rendered":"<section class=\"l-section wpb_row height_auto width_full\"><div class=\"l-section-h i-cf\"><div class=\"g-cols vc_row via_flex valign_top type_default stacking_default\"><div class=\"vc_col-sm-12 wpb_column vc_column_container\"><div class=\"vc_column-inner\"><div class=\"wpb_wrapper\">[rev_slider_vc alias=&#8221;classic-deluxe&#8221;]<\/div><\/div><\/div><\/div><\/div><\/section><section class=\"l-section wpb_row height_small\"><div class=\"l-section-h i-cf\"><div class=\"g-cols vc_row via_flex valign_top type_default stacking_default\"><div class=\"vc_col-sm-8 wpb_column vc_column_container\"><div class=\"vc_column-inner\"><div class=\"wpb_wrapper\"><div class=\"wpb_text_column\"><div class=\"wpb_wrapper\"><h1>Classic Deluxe Room, 31\u201333 sqm<\/h1>\n<\/div><\/div><div class=\"w-separator size_small\"><\/div><div class=\"wpb_text_column\"><div class=\"wpb_wrapper\"><p>Our \u201cClassic Deluxe\u201d rooms are at 31-33 m2 the same size as the rooms of the Superior Plus category and are located both on the first floor and on the ground floor (with surcharge). All units have pool views, a balcony or terrace and are equipped with king-size double beds, adjustable air conditioning, a flat-screen TV with cable channels, a minibar, an in-room safe, hairdryer and a large bathroom with shower \/ WC.<\/p>\n<p>In addition, the rooms have large duvets and a coffee \/ tea maker. Cleaning of your clothes is offered for a fee. Bath towels for pool and beach are available and shower gel, hair shampoo, daily room cleaning is included.<\/p>\n<\/div><\/div><div class=\"w-separator size_medium\"><\/div><div class=\"w-grid us_grid type_grid layout_gallery_default cols_4 preload_style_spinner\" id=\"us_grid_1\" style=\"--columns:4;--gap:4px;\" data-filterable=\"true\"><style>@media (max-width:479px){#us_grid_1{--columns:2!important}}.layout_gallery_default .w-grid-item-h{}<\/style><div class=\"w-grid-list\">\t<article class=\"w-grid-item size_1x1 post-9032 attachment type-attachment status-inherit hentry\" data-id=\"9032\">\r\n\t\t<div class=\"w-grid-item-h\">\r\n\t\t\t\t\t\t\t<a ref=\"magnificPopupGrid\" href=\"https:\/\/austrian-garden.com\/wp-content\/uploads\/2022\/01\/classic-deluxe-room-austrian-garden-patong-phuket-2.jpg\" class=\"w-grid-item-anchor\" aria-label=\"Classic Deluxe Room | Austrian Garden Patong Phuket\"><\/a>\r\n\t\t\t\t\t\t<div class=\"w-post-elm post_image usg_post_image_1 stretched\"><img loading=\"lazy\" decoding=\"async\" width=\"150\" height=\"150\" src=\"https:\/\/austrian-garden.com\/wp-content\/uploads\/2022\/01\/classic-deluxe-room-austrian-garden-patong-phuket-2-150x150.jpg\" class=\"attachment-thumbnail size-thumbnail\" alt=\"\" srcset=\"https:\/\/austrian-garden.com\/wp-content\/uploads\/2022\/01\/classic-deluxe-room-austrian-garden-patong-phuket-2-150x150.jpg 150w, https:\/\/austrian-garden.com\/wp-content\/uploads\/2022\/01\/classic-deluxe-room-austrian-garden-patong-phuket-2-350x350.jpg 350w, https:\/\/austrian-garden.com\/wp-content\/uploads\/2022\/01\/classic-deluxe-room-austrian-garden-patong-phuket-2-600x600.jpg 600w, https:\/\/austrian-garden.com\/wp-content\/uploads\/2022\/01\/classic-deluxe-room-austrian-garden-patong-phuket-2-75x75.jpg 75w\" sizes=\"auto, (max-width: 150px) 100vw, 150px\" \/><\/div>\t\t<\/div>\r\n\t\t\t<\/article>\r\n\t<article class=\"w-grid-item size_1x1 post-9037 attachment type-attachment status-inherit hentry\" data-id=\"9037\">\r\n\t\t<div class=\"w-grid-item-h\">\r\n\t\t\t\t\t\t\t<a ref=\"magnificPopupGrid\" href=\"https:\/\/austrian-garden.com\/wp-content\/uploads\/2022\/01\/classic-deluxe-room-austrian-garden-patong-phuket-2-1900.jpg\" class=\"w-grid-item-anchor\" aria-label=\"Classic Deluxe Room | Austrian Garden Patong Phuket\"><\/a>\r\n\t\t\t\t\t\t<div class=\"w-post-elm post_image usg_post_image_1 stretched\"><img loading=\"lazy\" decoding=\"async\" width=\"150\" height=\"150\" src=\"https:\/\/austrian-garden.com\/wp-content\/uploads\/2022\/01\/classic-deluxe-room-austrian-garden-patong-phuket-2-1900-150x150.jpg\" class=\"attachment-thumbnail size-thumbnail\" alt=\"Classic Deluxe Room | Austrian Garden Patong Phuket\" srcset=\"https:\/\/austrian-garden.com\/wp-content\/uploads\/2022\/01\/classic-deluxe-room-austrian-garden-patong-phuket-2-1900-150x150.jpg 150w, https:\/\/austrian-garden.com\/wp-content\/uploads\/2022\/01\/classic-deluxe-room-austrian-garden-patong-phuket-2-1900-350x350.jpg 350w, https:\/\/austrian-garden.com\/wp-content\/uploads\/2022\/01\/classic-deluxe-room-austrian-garden-patong-phuket-2-1900-600x600.jpg 600w, https:\/\/austrian-garden.com\/wp-content\/uploads\/2022\/01\/classic-deluxe-room-austrian-garden-patong-phuket-2-1900-75x75.jpg 75w\" sizes=\"auto, (max-width: 150px) 100vw, 150px\" \/><\/div>\t\t<\/div>\r\n\t\t\t<\/article>\r\n\t<article class=\"w-grid-item size_1x1 post-9072 attachment type-attachment status-inherit hentry\" data-id=\"9072\">\r\n\t\t<div class=\"w-grid-item-h\">\r\n\t\t\t\t\t\t\t<a ref=\"magnificPopupGrid\" href=\"https:\/\/austrian-garden.com\/wp-content\/uploads\/2022\/01\/classic-deluxe-room-austrian-garden-patong-phuket-3-1-1.jpg\" class=\"w-grid-item-anchor\" aria-label=\"classic-deluxe-room-austrian-garden-patong-phuket-3-\"><\/a>\r\n\t\t\t\t\t\t<div class=\"w-post-elm post_image usg_post_image_1 stretched\"><img loading=\"lazy\" decoding=\"async\" width=\"150\" height=\"150\" src=\"https:\/\/austrian-garden.com\/wp-content\/uploads\/2022\/01\/classic-deluxe-room-austrian-garden-patong-phuket-3-1-1-150x150.jpg\" class=\"attachment-thumbnail size-thumbnail\" alt=\"\" srcset=\"https:\/\/austrian-garden.com\/wp-content\/uploads\/2022\/01\/classic-deluxe-room-austrian-garden-patong-phuket-3-1-1-150x150.jpg 150w, https:\/\/austrian-garden.com\/wp-content\/uploads\/2022\/01\/classic-deluxe-room-austrian-garden-patong-phuket-3-1-1-350x350.jpg 350w, https:\/\/austrian-garden.com\/wp-content\/uploads\/2022\/01\/classic-deluxe-room-austrian-garden-patong-phuket-3-1-1-600x600.jpg 600w, https:\/\/austrian-garden.com\/wp-content\/uploads\/2022\/01\/classic-deluxe-room-austrian-garden-patong-phuket-3-1-1-75x75.jpg 75w\" sizes=\"auto, (max-width: 150px) 100vw, 150px\" \/><\/div>\t\t<\/div>\r\n\t\t\t<\/article>\r\n<\/div>\t<div class=\"w-grid-preloader\">\r\n\t\t<div class=\"g-preloader type_1\">\r\n\t\t\t<div><\/div>\r\n\t\t<\/div>\r\n\t<\/div>\r\n\t\t<div class=\"w-grid-json hidden\" onclick='return {&quot;action&quot;:&quot;us_ajax_grid&quot;,&quot;infinite_scroll&quot;:0,&quot;max_num_pages&quot;:1,&quot;pagination&quot;:&quot;none&quot;,&quot;template_vars&quot;:{&quot;columns&quot;:&quot;4&quot;,&quot;exclude_items&quot;:&quot;none&quot;,&quot;img_size&quot;:&quot;thumbnail&quot;,&quot;ignore_items_size&quot;:0,&quot;items_layout&quot;:&quot;gallery_default&quot;,&quot;items_offset&quot;:&quot;1&quot;,&quot;load_animation&quot;:&quot;none&quot;,&quot;overriding_link&quot;:&quot;%7B%22type%22%3A%22popup_image%22%7D&quot;,&quot;post_id&quot;:0,&quot;query_args&quot;:{&quot;post_type&quot;:[&quot;attachment&quot;],&quot;post__in&quot;:[&quot;9031&quot;,&quot;9037&quot;,&quot;9072&quot;],&quot;post_status&quot;:&quot;inherit&quot;,&quot;post_mime_type&quot;:&quot;image&quot;,&quot;posts_per_page&quot;:999},&quot;orderby_query_args&quot;:{&quot;orderby&quot;:{&quot;post__in&quot;:&quot;ASC&quot;},&quot;order&quot;:&quot;ASC&quot;},&quot;type&quot;:&quot;grid&quot;,&quot;us_grid_post_type&quot;:&quot;attachment&quot;,&quot;us_grid_ajax_index&quot;:1,&quot;us_grid_filter_query_string&quot;:null,&quot;us_grid_index&quot;:1,&quot;page_args&quot;:[],&quot;lang&quot;:&quot;en&quot;}}'><\/div>\r\n\t<\/div><div class=\"w-separator size_medium\"><\/div><div class=\"g-cols wpb_row bookingrules via_flex valign_top type_default stacking_default\"><div class=\"vc_col-sm-6 wpb_column vc_column_container\"><div class=\"vc_column-inner\"><div class=\"wpb_wrapper\"><div class=\"wpb_text_column\"><div class=\"wpb_wrapper\"><p><strong><span class=\"bookingrules\">Extrabed<\/span><\/strong><br \/>\nper child: 250-400 THB (depending the season)<br \/>\nper adult : 500-800 THB\u00a0(depending the season)<br \/>\n<!-- <strong><span class=\"bookingrules\">Abendessen (obligatorisch) am 24.12. &amp; 31.12.<\/span><\/strong><br \/>\nAbendessen 24.12. p.P. THB 1'090.\u2013<br \/>\nAbendessen 31.12. p.P. THB 1'590.\u2013<br \/>\n--><\/p>\n<\/div><\/div><\/div><\/div><\/div><div class=\"vc_col-sm-6 wpb_column vc_column_container\"><div class=\"vc_column-inner\"><div class=\"wpb_wrapper\"><div class=\"wpb_text_column\"><div class=\"wpb_wrapper\"><p><!-- <strong><span class=\"bookingrules\">Langzeiterm\u00e4\u00dfigung<\/span><\/strong><br \/>\nF\u00fcr Aufenthalte von mehr als 30 N\u00e4chten gew\u00e4hren wir 10% Erm\u00e4\u00dfigung pro Zimmer\/Nacht! --><br \/>\n<!-- <strong><span class=\"bookingrules\">Fr\u00fchbucherbonus<\/span><\/strong><br \/>\nBuchen Sie bis <strong>30 Tage vor Ankunft<\/strong> und Sie erhalten 10% Erm\u00e4\u00dfigung f\u00fcr alle Aufenthalte\u00a0<strong>16.04.2020 - 31.10.2020<\/strong> &amp; <strong>16.04.2021 - 31.10.2021<\/strong> (Mindestaufenthalt 5 N\u00e4chte). --><\/p>\n<\/div><\/div><\/div><\/div><\/div><\/div><\/div><\/div><\/div><div class=\"vc_col-sm-4 wpb_column vc_column_container\"><div class=\"vc_column-inner\"><div class=\"wpb_wrapper\"><div class=\"w-separator size_medium\"><\/div><div class=\"wpb_text_column us_custom_a874c9af\"><div class=\"wpb_wrapper\"><h3>Room Facilities<\/h3>\n<ul>\n<li class=\"facilities bed\">&nbsp;Kingsize Bed<\/li>\n<li class=\"facilities balcony\">&nbsp;Balcony \/ Terrace<\/li>\n<li class=\"facilities aircon\">&nbsp;Adjustable Air Condition<\/li>\n<li class=\"facilities deposit\">&nbsp;Room safe<\/li>\n<li class=\"facilities minibar\">&nbsp;Minibar<\/li>\n<li class=\"facilities teaandcoffee\">&nbsp;Coffee\/Teamaking Facilities<\/li>\n<li class=\"facilities satellitetv\">&nbsp;Cable-TV (Flatscreen)<\/li>\n<li class=\"facilities breakfast\">&nbsp;Breakfast additional 300.- p.day\/p.<\/li>\n<li class=\"facilities hreception\">&nbsp;24h Front Desk<\/li>\n<li class=\"facilities dailyclean\">&nbsp;Daily housekeeping<\/li>\n<li class=\"facilities shower\">&nbsp;Bathroom with shower\/WC, hairdryer<\/li>\n<\/ul>\n<\/div><\/div><div class=\"w-separator size_medium\"><\/div><div class=\"wpb_text_column\"><div class=\"wpb_wrapper\">\n<\/div><\/div><div class=\"w-popup align_none\"><span class=\"w-popup-trigger type_selector\" data-selector=\".my-element\"><\/span><div class=\"w-popup-overlay\" style=\"background:rgba(0,0,0,0.85);\"><\/div><div class=\"w-popup-wrap layout_default\" role=\"dialog\" aria-modal=\"true\" aria-label=\"Popup\" style=\"--title-color:var(--color-content-heading);--title-bg-color:var(--color-content-bg-alt);--content-color:var(--color-content-text);--content-bg-color:var(--color-content-bg);--popup-width:400px;--popup-padding:40px;\"><button aria-label=\"Close\" class=\"w-popup-closer\" type=\"button\"><\/button><div class=\"w-popup-box animation_fadeIn closerpos_outside with_title\"><div class=\"w-popup-box-h\"><div class=\"w-popup-box-title\">Buchungsbedingungen<\/div><div class=\"w-popup-box-content\"><p>Eventuelle Zus\u00e4tze wie Weihnachtsdinner, Silvesterdinner, Transfers, Aufschlag f\u00fcr Mindestaufenthalt oder Erm\u00e4\u00dfigung sind nicht (!) ber\u00fccksichtigt.<\/p>\n<p>Sie erhalten von uns nach Eingang Ihrer Reservierung eine endg\u00fcltige schriftliche Best\u00e4tigung per Mail, in welcher Sie s\u00e4mtliche Details zu den Storno\/Umbuchungsspesen ersehen k\u00f6nnen, sowie Bankverbindung.<\/p>\n<p>Bitte beachten Sie, dass f\u00fcr Aufenthalte zwischen 01. November bis 31. M\u00e4rz eine Anzahlung in der H\u00f6he von 30% &#8211; 40% zur Anwendung kommt, welche binnen einer Woche nach Best\u00e4tigung einzuzahlen ist.<\/p>\n<\/div><\/div><\/div><\/div><\/div><\/div><\/div><\/div><\/div><\/div><\/section>\n","protected":false},"excerpt":{"rendered":"","protected":false},"author":1,"featured_media":0,"parent":7829,"menu_order":0,"comment_status":"closed","ping_status":"closed","template":"","meta":{"_acf_changed":false,"footnotes":""},"class_list":["post-7827","page","type-page","status-publish","hentry"],"acf":[],"yoast_head":"<!-- This site is optimized with the Yoast SEO plugin v27.1.1 - https:\/\/yoast.com\/product\/yoast-seo-wordpress\/ -->\n<title>Classic Deluxe Room - Austrian Garden<\/title>\n<meta name=\"description\" content=\"Classic Deluxe Room - Austrian Garden\" \/>\n<meta name=\"robots\" content=\"index, follow, max-snippet:-1, max-image-preview:large, max-video-preview:-1\" \/>\n<link rel=\"canonical\" href=\"https:\/\/austrian-garden.com\/en\/austrian-garden-hotel\/classic-deluxe-room\/\" \/>\n<meta property=\"og:locale\" content=\"en_US\" \/>\n<meta property=\"og:type\" content=\"article\" \/>\n<meta property=\"og:title\" content=\"Classic Deluxe Room - Austrian Garden\" \/>\n<meta property=\"og:description\" content=\"Classic Deluxe Room - Austrian Garden\" \/>\n<meta property=\"og:url\" content=\"https:\/\/austrian-garden.com\/en\/austrian-garden-hotel\/classic-deluxe-room\/\" \/>\n<meta property=\"og:site_name\" content=\"Austrian Garden\" \/>\n<meta property=\"article:publisher\" content=\"https:\/\/www.facebook.com\/AustrianGarden\/\" \/>\n<meta property=\"article:modified_time\" content=\"2026-04-18T02:14:18+00:00\" \/>\n<meta name=\"twitter:card\" content=\"summary_large_image\" \/>\n<meta name=\"twitter:label1\" content=\"Est. reading time\" \/>\n\t<meta name=\"twitter:data1\" content=\"2 minutes\" \/>\n<script type=\"application\/ld+json\" class=\"yoast-schema-graph\">{\"@context\":\"https:\/\/schema.org\",\"@graph\":[{\"@type\":\"WebPage\",\"@id\":\"https:\/\/austrian-garden.com\/en\/austrian-garden-hotel\/classic-deluxe-room\/\",\"url\":\"https:\/\/austrian-garden.com\/en\/austrian-garden-hotel\/classic-deluxe-room\/\",\"name\":\"Classic Deluxe Room - Austrian Garden\",\"isPartOf\":{\"@id\":\"https:\/\/austrian-garden.com\/en\/#website\"},\"datePublished\":\"2018-11-26T03:09:14+00:00\",\"dateModified\":\"2026-04-18T02:14:18+00:00\",\"description\":\"Classic Deluxe Room - Austrian Garden\",\"breadcrumb\":{\"@id\":\"https:\/\/austrian-garden.com\/en\/austrian-garden-hotel\/classic-deluxe-room\/#breadcrumb\"},\"inLanguage\":\"en-US\",\"potentialAction\":[{\"@type\":\"ReadAction\",\"target\":[\"https:\/\/austrian-garden.com\/en\/austrian-garden-hotel\/classic-deluxe-room\/\"]}]},{\"@type\":\"BreadcrumbList\",\"@id\":\"https:\/\/austrian-garden.com\/en\/austrian-garden-hotel\/classic-deluxe-room\/#breadcrumb\",\"itemListElement\":[{\"@type\":\"ListItem\",\"position\":1,\"name\":\"Home\",\"item\":\"https:\/\/austrian-garden.com\/en\/\"},{\"@type\":\"ListItem\",\"position\":2,\"name\":\"Austrian Garden Hotel\",\"item\":\"https:\/\/austrian-garden.com\/en\/austrian-garden-hotel\/\"},{\"@type\":\"ListItem\",\"position\":3,\"name\":\"Classic Deluxe Room\"}]},{\"@type\":\"WebSite\",\"@id\":\"https:\/\/austrian-garden.com\/en\/#website\",\"url\":\"https:\/\/austrian-garden.com\/en\/\",\"name\":\"Austrian Garden\",\"description\":\"Hotel &amp; Restaurant Patong Phuket\",\"publisher\":{\"@id\":\"https:\/\/austrian-garden.com\/en\/#organization\"},\"potentialAction\":[{\"@type\":\"SearchAction\",\"target\":{\"@type\":\"EntryPoint\",\"urlTemplate\":\"https:\/\/austrian-garden.com\/en\/?s={search_term_string}\"},\"query-input\":{\"@type\":\"PropertyValueSpecification\",\"valueRequired\":true,\"valueName\":\"search_term_string\"}}],\"inLanguage\":\"en-US\"},{\"@type\":\"Organization\",\"@id\":\"https:\/\/austrian-garden.com\/en\/#organization\",\"name\":\"Austrian Garden Tai Pan Village\",\"url\":\"https:\/\/austrian-garden.com\/en\/\",\"logo\":{\"@type\":\"ImageObject\",\"inLanguage\":\"en-US\",\"@id\":\"https:\/\/austrian-garden.com\/en\/#\/schema\/logo\/image\/\",\"url\":\"https:\/\/austrian-garden.com\/wp-content\/uploads\/2018\/10\/logo1.png\",\"contentUrl\":\"https:\/\/austrian-garden.com\/wp-content\/uploads\/2018\/10\/logo1.png\",\"width\":267,\"height\":70,\"caption\":\"Austrian Garden Tai Pan Village\"},\"image\":{\"@id\":\"https:\/\/austrian-garden.com\/en\/#\/schema\/logo\/image\/\"},\"sameAs\":[\"https:\/\/www.facebook.com\/AustrianGarden\/\",\"https:\/\/www.instagram.com\/austriangarden\/\"]}]}<\/script>\n<!-- \/ Yoast SEO plugin. -->","yoast_head_json":{"title":"Classic Deluxe Room - Austrian Garden","description":"Classic Deluxe Room - Austrian Garden","robots":{"index":"index","follow":"follow","max-snippet":"max-snippet:-1","max-image-preview":"max-image-preview:large","max-video-preview":"max-video-preview:-1"},"canonical":"https:\/\/austrian-garden.com\/en\/austrian-garden-hotel\/classic-deluxe-room\/","og_locale":"en_US","og_type":"article","og_title":"Classic Deluxe Room - Austrian Garden","og_description":"Classic Deluxe Room - Austrian Garden","og_url":"https:\/\/austrian-garden.com\/en\/austrian-garden-hotel\/classic-deluxe-room\/","og_site_name":"Austrian Garden","article_publisher":"https:\/\/www.facebook.com\/AustrianGarden\/","article_modified_time":"2026-04-18T02:14:18+00:00","twitter_card":"summary_large_image","twitter_misc":{"Est. reading time":"2 minutes"},"schema":{"@context":"https:\/\/schema.org","@graph":[{"@type":"WebPage","@id":"https:\/\/austrian-garden.com\/en\/austrian-garden-hotel\/classic-deluxe-room\/","url":"https:\/\/austrian-garden.com\/en\/austrian-garden-hotel\/classic-deluxe-room\/","name":"Classic Deluxe Room - Austrian Garden","isPartOf":{"@id":"https:\/\/austrian-garden.com\/en\/#website"},"datePublished":"2018-11-26T03:09:14+00:00","dateModified":"2026-04-18T02:14:18+00:00","description":"Classic Deluxe Room - Austrian Garden","breadcrumb":{"@id":"https:\/\/austrian-garden.com\/en\/austrian-garden-hotel\/classic-deluxe-room\/#breadcrumb"},"inLanguage":"en-US","potentialAction":[{"@type":"ReadAction","target":["https:\/\/austrian-garden.com\/en\/austrian-garden-hotel\/classic-deluxe-room\/"]}]},{"@type":"BreadcrumbList","@id":"https:\/\/austrian-garden.com\/en\/austrian-garden-hotel\/classic-deluxe-room\/#breadcrumb","itemListElement":[{"@type":"ListItem","position":1,"name":"Home","item":"https:\/\/austrian-garden.com\/en\/"},{"@type":"ListItem","position":2,"name":"Austrian Garden Hotel","item":"https:\/\/austrian-garden.com\/en\/austrian-garden-hotel\/"},{"@type":"ListItem","position":3,"name":"Classic Deluxe Room"}]},{"@type":"WebSite","@id":"https:\/\/austrian-garden.com\/en\/#website","url":"https:\/\/austrian-garden.com\/en\/","name":"Austrian Garden","description":"Hotel &amp; Restaurant Patong Phuket","publisher":{"@id":"https:\/\/austrian-garden.com\/en\/#organization"},"potentialAction":[{"@type":"SearchAction","target":{"@type":"EntryPoint","urlTemplate":"https:\/\/austrian-garden.com\/en\/?s={search_term_string}"},"query-input":{"@type":"PropertyValueSpecification","valueRequired":true,"valueName":"search_term_string"}}],"inLanguage":"en-US"},{"@type":"Organization","@id":"https:\/\/austrian-garden.com\/en\/#organization","name":"Austrian Garden Tai Pan Village","url":"https:\/\/austrian-garden.com\/en\/","logo":{"@type":"ImageObject","inLanguage":"en-US","@id":"https:\/\/austrian-garden.com\/en\/#\/schema\/logo\/image\/","url":"https:\/\/austrian-garden.com\/wp-content\/uploads\/2018\/10\/logo1.png","contentUrl":"https:\/\/austrian-garden.com\/wp-content\/uploads\/2018\/10\/logo1.png","width":267,"height":70,"caption":"Austrian Garden Tai Pan Village"},"image":{"@id":"https:\/\/austrian-garden.com\/en\/#\/schema\/logo\/image\/"},"sameAs":["https:\/\/www.facebook.com\/AustrianGarden\/","https:\/\/www.instagram.com\/austriangarden\/"]}]}},"_links":{"self":[{"href":"https:\/\/austrian-garden.com\/en\/wp-json\/wp\/v2\/pages\/7827","targetHints":{"allow":["GET"]}}],"collection":[{"href":"https:\/\/austrian-garden.com\/en\/wp-json\/wp\/v2\/pages"}],"about":[{"href":"https:\/\/austrian-garden.com\/en\/wp-json\/wp\/v2\/types\/page"}],"author":[{"embeddable":true,"href":"https:\/\/austrian-garden.com\/en\/wp-json\/wp\/v2\/users\/1"}],"replies":[{"embeddable":true,"href":"https:\/\/austrian-garden.com\/en\/wp-json\/wp\/v2\/comments?post=7827"}],"version-history":[{"count":23,"href":"https:\/\/austrian-garden.com\/en\/wp-json\/wp\/v2\/pages\/7827\/revisions"}],"predecessor-version":[{"id":9696,"href":"https:\/\/austrian-garden.com\/en\/wp-json\/wp\/v2\/pages\/7827\/revisions\/9696"}],"up":[{"embeddable":true,"href":"https:\/\/austrian-garden.com\/en\/wp-json\/wp\/v2\/pages\/7829"}],"wp:attachment":[{"href":"https:\/\/austrian-garden.com\/en\/wp-json\/wp\/v2\/media?parent=7827"}],"curies":[{"name":"wp","href":"https:\/\/api.w.org\/{rel}","templated":true}]}}