{"id":7825,"date":"2018-11-26T10:08:22","date_gmt":"2018-11-26T03:08:22","guid":{"rendered":"https:\/\/austrian-garden.com\/family-room\/"},"modified":"2026-04-18T09:13:23","modified_gmt":"2026-04-18T02:13:23","slug":"family-room","status":"publish","type":"page","link":"https:\/\/austrian-garden.com\/en\/austrian-garden-hotel\/family-room\/","title":{"rendered":"Family Room"},"content":{"rendered":"<section class=\"l-section wpb_row height_auto width_full\"><div class=\"l-section-h i-cf\"><div class=\"g-cols vc_row via_flex valign_top type_default stacking_default\"><div class=\"vc_col-sm-12 wpb_column vc_column_container\"><div class=\"vc_column-inner\"><div class=\"wpb_wrapper\">[rev_slider_vc alias=&#8221;familienzimmer&#8221;]<\/div><\/div><\/div><\/div><\/div><\/section><section class=\"l-section wpb_row height_small\"><div class=\"l-section-h i-cf\"><div class=\"g-cols vc_row via_flex valign_top type_default stacking_default\"><div class=\"vc_col-sm-8 wpb_column vc_column_container\"><div class=\"vc_column-inner\"><div class=\"wpb_wrapper\"><div class=\"wpb_text_column\"><div class=\"wpb_wrapper\"><h1>Family Room, 53 m<sup>2<\/sup><\/h1>\n<\/div><\/div><div class=\"wpb_text_column\"><div class=\"wpb_wrapper\"><p>The family room with a size of about 53 sqm is located on the ground floor and has a large living \/ bedroom and an additional, separate bedroom.<\/p>\n<p>The unit has pool views, a terrace and is furnished with king-size double beds, two adjustable air-conditioning units, two flat-screen TVs with cable channels, a minibar, an in-room safe, hairdryer and a large bathroom with shower \/ WC. In addition, the rooms have large duvets and a coffee \/ tea maker. Cleaning of your clothes is offered for a fee.<\/p>\n<p>Bath towels for pool and beach are available and shower gel, hair shampoo, daily room cleaning is included.<\/p>\n<\/div><\/div><div class=\"w-separator size_small\"><\/div><div class=\"w-separator size_medium\"><\/div><div class=\"w-grid us_grid type_grid layout_gallery_default cols_4 preload_style_spinner\" id=\"us_grid_1\" style=\"--columns:4;--gap:4px;\" data-filterable=\"true\"><style>@media (max-width:479px){#us_grid_1{--columns:2!important}}.layout_gallery_default .w-grid-item-h{}<\/style><div class=\"w-grid-list\">\t<article class=\"w-grid-item size_1x1 post-6961 attachment type-attachment status-inherit hentry\" data-id=\"6961\">\r\n\t\t<div class=\"w-grid-item-h\">\r\n\t\t\t\t\t\t\t<a ref=\"magnificPopupGrid\" href=\"https:\/\/austrian-garden.com\/wp-content\/uploads\/2018\/11\/family-bedroom-austrian-garden-hotel-patong-phuket-1.jpg\" class=\"w-grid-item-anchor\" aria-label=\"Family Room\"><\/a>\r\n\t\t\t\t\t\t<div class=\"w-post-elm post_image usg_post_image_1 stretched\"><img loading=\"lazy\" decoding=\"async\" width=\"150\" height=\"150\" src=\"https:\/\/austrian-garden.com\/wp-content\/uploads\/2018\/11\/family-bedroom-austrian-garden-hotel-patong-phuket-1-150x150.jpg\" class=\"attachment-thumbnail size-thumbnail\" alt=\"Family Room\" srcset=\"https:\/\/austrian-garden.com\/wp-content\/uploads\/2018\/11\/family-bedroom-austrian-garden-hotel-patong-phuket-1-150x150.jpg 150w, https:\/\/austrian-garden.com\/wp-content\/uploads\/2018\/11\/family-bedroom-austrian-garden-hotel-patong-phuket-1-350x350.jpg 350w, https:\/\/austrian-garden.com\/wp-content\/uploads\/2018\/11\/family-bedroom-austrian-garden-hotel-patong-phuket-1-600x600.jpg 600w, https:\/\/austrian-garden.com\/wp-content\/uploads\/2018\/11\/family-bedroom-austrian-garden-hotel-patong-phuket-1-75x75.jpg 75w\" sizes=\"auto, (max-width: 150px) 100vw, 150px\" \/><\/div>\t\t<\/div>\r\n\t\t\t<\/article>\r\n\t<article class=\"w-grid-item size_1x1 post-6959 attachment type-attachment status-inherit hentry\" data-id=\"6959\">\r\n\t\t<div class=\"w-grid-item-h\">\r\n\t\t\t\t\t\t\t<a ref=\"magnificPopupGrid\" href=\"https:\/\/austrian-garden.com\/wp-content\/uploads\/2018\/11\/family-room-austrian-garden-hotel-patong-phuket-1.jpg\" class=\"w-grid-item-anchor\" aria-label=\"Family Room | Austrian Garden Hotel Patong Phuket\"><\/a>\r\n\t\t\t\t\t\t<div class=\"w-post-elm post_image usg_post_image_1 stretched\"><img loading=\"lazy\" decoding=\"async\" width=\"150\" height=\"150\" src=\"https:\/\/austrian-garden.com\/wp-content\/uploads\/2018\/11\/family-room-austrian-garden-hotel-patong-phuket-1-150x150.jpg\" class=\"attachment-thumbnail size-thumbnail\" alt=\"Family Room | Austrian Garden Hotel Patong Phuket\" srcset=\"https:\/\/austrian-garden.com\/wp-content\/uploads\/2018\/11\/family-room-austrian-garden-hotel-patong-phuket-1-150x150.jpg 150w, https:\/\/austrian-garden.com\/wp-content\/uploads\/2018\/11\/family-room-austrian-garden-hotel-patong-phuket-1-350x350.jpg 350w, https:\/\/austrian-garden.com\/wp-content\/uploads\/2018\/11\/family-room-austrian-garden-hotel-patong-phuket-1-600x600.jpg 600w, https:\/\/austrian-garden.com\/wp-content\/uploads\/2018\/11\/family-room-austrian-garden-hotel-patong-phuket-1-75x75.jpg 75w\" sizes=\"auto, (max-width: 150px) 100vw, 150px\" \/><\/div>\t\t<\/div>\r\n\t\t\t<\/article>\r\n<\/div>\t<div class=\"w-grid-preloader\">\r\n\t\t<div class=\"g-preloader type_1\">\r\n\t\t\t<div><\/div>\r\n\t\t<\/div>\r\n\t<\/div>\r\n\t\t<div class=\"w-grid-json hidden\" onclick='return {&quot;action&quot;:&quot;us_ajax_grid&quot;,&quot;infinite_scroll&quot;:0,&quot;max_num_pages&quot;:1,&quot;pagination&quot;:&quot;none&quot;,&quot;template_vars&quot;:{&quot;columns&quot;:&quot;4&quot;,&quot;exclude_items&quot;:&quot;none&quot;,&quot;img_size&quot;:&quot;thumbnail&quot;,&quot;ignore_items_size&quot;:0,&quot;items_layout&quot;:&quot;gallery_default&quot;,&quot;items_offset&quot;:&quot;1&quot;,&quot;load_animation&quot;:&quot;none&quot;,&quot;overriding_link&quot;:&quot;%7B%22type%22%3A%22popup_image%22%7D&quot;,&quot;post_id&quot;:0,&quot;query_args&quot;:{&quot;post_type&quot;:[&quot;attachment&quot;],&quot;post__in&quot;:[&quot;6960&quot;,&quot;6958&quot;],&quot;post_status&quot;:&quot;inherit&quot;,&quot;post_mime_type&quot;:&quot;image&quot;,&quot;posts_per_page&quot;:999},&quot;orderby_query_args&quot;:{&quot;orderby&quot;:{&quot;post__in&quot;:&quot;ASC&quot;},&quot;order&quot;:&quot;ASC&quot;},&quot;type&quot;:&quot;grid&quot;,&quot;us_grid_post_type&quot;:&quot;attachment&quot;,&quot;us_grid_ajax_index&quot;:1,&quot;us_grid_filter_query_string&quot;:null,&quot;us_grid_index&quot;:1,&quot;page_args&quot;:[],&quot;lang&quot;:&quot;en&quot;}}'><\/div>\r\n\t<\/div><div class=\"w-separator size_medium\"><\/div><div class=\"g-cols wpb_row bookingrules via_flex valign_top type_default stacking_default\"><div class=\"vc_col-sm-6 wpb_column vc_column_container\"><div class=\"vc_column-inner\"><div class=\"wpb_wrapper\"><div class=\"wpb_text_column\"><div class=\"wpb_wrapper\"><p><strong><span class=\"bookingrules\">Occupancy<\/span><\/strong><br \/>\n4 persons included.<br \/>\n<!-- <strong><span class=\"bookingrules\">Long stay offer<\/span><\/strong><br \/>\nFor stays of at least 30 nights you will receive a discount of 10% per room and night!<br \/>\n<strong><span class=\"bookingrules\">Early Bird<\/span><\/strong><br \/>\nBook until <strong>30 days before arrival<\/strong> and receive a <strong>discount of 10%<\/strong> for stays between <strong>16.04.2020 - 31.10.2020<\/strong> &amp; <strong>16.04.2021 - 31.10.2021<\/strong> (minimum stay 5 nights). --><\/p>\n<\/div><\/div><\/div><\/div><\/div><div class=\"vc_col-sm-6 wpb_column vc_column_container\"><div class=\"vc_column-inner\"><div class=\"wpb_wrapper\"><div class=\"wpb_text_column\"><div class=\"wpb_wrapper\"><p><!--  <strong><span class=\"bookingrules\">Compulsory Dinner on 24.12.&amp; 31.12.<\/span><\/strong><br \/>\nDinner 24.12. p.P. THB 1,090.\u2013<br \/>\nDinner 31.12. p.P. THB 1,590.\u2013<br \/>\n--><\/p>\n<\/div><\/div><\/div><\/div><\/div><\/div><\/div><\/div><\/div><div class=\"vc_col-sm-4 wpb_column vc_column_container\"><div class=\"vc_column-inner\"><div class=\"wpb_wrapper\"><div class=\"w-separator size_medium\"><\/div><div class=\"wpb_text_column\"><div class=\"wpb_wrapper\"><h2>Room Facilities<\/h2>\n<ul>\n<li class=\"facilities bed\">&nbsp;Kingsize Bed<\/li>\n<li class=\"facilities balcony\">&nbsp;Balcony \/ Terrace<\/li>\n<li class=\"facilities aircon\">&nbsp;Adjustable Air Condition<\/li>\n<li class=\"facilities deposit\">&nbsp;Room safe<\/li>\n<li class=\"facilities minibar\">&nbsp;Minibar<\/li>\n<li class=\"facilities teaandcoffee\">&nbsp;Coffee\/Tea making facilities<\/li>\n<li class=\"facilities satellitetv\">&nbsp;Cable-TV (Flatscreen)<\/li>\n<li class=\"facilities breakfast\">&nbsp;Breakfast additional 300.- p.day\/p.<\/li>\n<li class=\"facilities hreception\">&nbsp;24h Front Desk<\/li>\n<li class=\"facilities dailyclean\">&nbsp;Daily housekeeping<\/li>\n<li class=\"facilities shower\">&nbsp;Bathroom with shower\/WC, hairdryer<\/li>\n<\/ul>\n<\/div><\/div><div class=\"w-separator size_medium\"><\/div><div class=\"wpb_text_column\"><div class=\"wpb_wrapper\">\n<\/div><\/div><div class=\"w-popup align_none\"><span class=\"w-popup-trigger type_selector\" data-selector=\".my-element\"><\/span><div class=\"w-popup-overlay\" style=\"background:rgba(0,0,0,0.85);\"><\/div><div class=\"w-popup-wrap layout_default\" role=\"dialog\" aria-modal=\"true\" aria-label=\"Popup\" style=\"--title-color:var(--color-content-heading);--title-bg-color:var(--color-content-bg-alt);--content-color:var(--color-content-text);--content-bg-color:var(--color-content-bg);--popup-width:400px;--popup-padding:40px;\"><button aria-label=\"Close\" class=\"w-popup-closer\" type=\"button\"><\/button><div class=\"w-popup-box animation_fadeIn closerpos_outside with_title\"><div class=\"w-popup-box-h\"><div class=\"w-popup-box-title\">Buchungsbedingungen<\/div><div class=\"w-popup-box-content\"><p>Eventuelle Zus\u00e4tze wie Weihnachtsdinner, Silvesterdinner, Transfers, Aufschlag f\u00fcr Mindestaufenthalt oder Erm\u00e4\u00dfigung sind nicht (!) ber\u00fccksichtigt.<\/p>\n<p>Sie erhalten von uns nach Eingang Ihrer Reservierung eine endg\u00fcltige schriftliche Best\u00e4tigung per Mail, in welcher Sie s\u00e4mtliche Details zu den Storno\/Umbuchungsspesen ersehen k\u00f6nnen, sowie Bankverbindung.<\/p>\n<p>Bitte beachten Sie, dass f\u00fcr Aufenthalte zwischen 01. November bis 31. M\u00e4rz eine Anzahlung in der H\u00f6he von 30% &#8211; 40% zur Anwendung kommt, welche binnen einer Woche nach Best\u00e4tigung einzuzahlen ist.<\/p>\n<\/div><\/div><\/div><\/div><\/div><\/div><\/div><\/div><\/div><\/div><\/section>\n","protected":false},"excerpt":{"rendered":"Family Room","protected":false},"author":1,"featured_media":0,"parent":7829,"menu_order":0,"comment_status":"closed","ping_status":"closed","template":"","meta":{"_acf_changed":false,"footnotes":""},"class_list":["post-7825","page","type-page","status-publish","hentry"],"acf":[],"yoast_head":"<!-- This site is optimized with the Yoast SEO plugin v27.1.1 - https:\/\/yoast.com\/product\/yoast-seo-wordpress\/ -->\n<title>Family Room - Austrian Garden<\/title>\n<meta name=\"description\" content=\"The family room with a size of about 53 m2 is located on the ground floor and has a large living \/ bedroom and an additional, separate bedroom.\" \/>\n<meta name=\"robots\" content=\"index, follow, max-snippet:-1, max-image-preview:large, max-video-preview:-1\" \/>\n<link rel=\"canonical\" href=\"https:\/\/austrian-garden.com\/en\/austrian-garden-hotel\/family-room\/\" \/>\n<meta property=\"og:locale\" content=\"en_US\" \/>\n<meta property=\"og:type\" content=\"article\" \/>\n<meta property=\"og:title\" content=\"Family Room - Austrian Garden\" \/>\n<meta property=\"og:description\" content=\"The family room with a size of about 53 m2 is located on the ground floor and has a large living \/ bedroom and an additional, separate bedroom.\" \/>\n<meta property=\"og:url\" content=\"https:\/\/austrian-garden.com\/en\/austrian-garden-hotel\/family-room\/\" \/>\n<meta property=\"og:site_name\" content=\"Austrian Garden\" \/>\n<meta property=\"article:publisher\" content=\"https:\/\/www.facebook.com\/AustrianGarden\/\" \/>\n<meta property=\"article:modified_time\" content=\"2026-04-18T02:13:23+00:00\" \/>\n<meta name=\"twitter:card\" content=\"summary_large_image\" \/>\n<meta name=\"twitter:label1\" content=\"Est. reading time\" \/>\n\t<meta name=\"twitter:data1\" content=\"2 minutes\" \/>\n<script type=\"application\/ld+json\" class=\"yoast-schema-graph\">{\"@context\":\"https:\/\/schema.org\",\"@graph\":[{\"@type\":\"WebPage\",\"@id\":\"https:\/\/austrian-garden.com\/en\/austrian-garden-hotel\/family-room\/\",\"url\":\"https:\/\/austrian-garden.com\/en\/austrian-garden-hotel\/family-room\/\",\"name\":\"Family Room - Austrian Garden\",\"isPartOf\":{\"@id\":\"https:\/\/austrian-garden.com\/en\/#website\"},\"datePublished\":\"2018-11-26T03:08:22+00:00\",\"dateModified\":\"2026-04-18T02:13:23+00:00\",\"description\":\"The family room with a size of about 53 m2 is located on the ground floor and has a large living \/ bedroom and an additional, separate bedroom.\",\"breadcrumb\":{\"@id\":\"https:\/\/austrian-garden.com\/en\/austrian-garden-hotel\/family-room\/#breadcrumb\"},\"inLanguage\":\"en-US\",\"potentialAction\":[{\"@type\":\"ReadAction\",\"target\":[\"https:\/\/austrian-garden.com\/en\/austrian-garden-hotel\/family-room\/\"]}]},{\"@type\":\"BreadcrumbList\",\"@id\":\"https:\/\/austrian-garden.com\/en\/austrian-garden-hotel\/family-room\/#breadcrumb\",\"itemListElement\":[{\"@type\":\"ListItem\",\"position\":1,\"name\":\"Home\",\"item\":\"https:\/\/austrian-garden.com\/en\/\"},{\"@type\":\"ListItem\",\"position\":2,\"name\":\"Austrian Garden Hotel\",\"item\":\"https:\/\/austrian-garden.com\/en\/austrian-garden-hotel\/\"},{\"@type\":\"ListItem\",\"position\":3,\"name\":\"Family Room\"}]},{\"@type\":\"WebSite\",\"@id\":\"https:\/\/austrian-garden.com\/en\/#website\",\"url\":\"https:\/\/austrian-garden.com\/en\/\",\"name\":\"Austrian Garden\",\"description\":\"Hotel &amp; Restaurant Patong Phuket\",\"publisher\":{\"@id\":\"https:\/\/austrian-garden.com\/en\/#organization\"},\"potentialAction\":[{\"@type\":\"SearchAction\",\"target\":{\"@type\":\"EntryPoint\",\"urlTemplate\":\"https:\/\/austrian-garden.com\/en\/?s={search_term_string}\"},\"query-input\":{\"@type\":\"PropertyValueSpecification\",\"valueRequired\":true,\"valueName\":\"search_term_string\"}}],\"inLanguage\":\"en-US\"},{\"@type\":\"Organization\",\"@id\":\"https:\/\/austrian-garden.com\/en\/#organization\",\"name\":\"Austrian Garden Tai Pan Village\",\"url\":\"https:\/\/austrian-garden.com\/en\/\",\"logo\":{\"@type\":\"ImageObject\",\"inLanguage\":\"en-US\",\"@id\":\"https:\/\/austrian-garden.com\/en\/#\/schema\/logo\/image\/\",\"url\":\"https:\/\/austrian-garden.com\/wp-content\/uploads\/2018\/10\/logo1.png\",\"contentUrl\":\"https:\/\/austrian-garden.com\/wp-content\/uploads\/2018\/10\/logo1.png\",\"width\":267,\"height\":70,\"caption\":\"Austrian Garden Tai Pan Village\"},\"image\":{\"@id\":\"https:\/\/austrian-garden.com\/en\/#\/schema\/logo\/image\/\"},\"sameAs\":[\"https:\/\/www.facebook.com\/AustrianGarden\/\",\"https:\/\/www.instagram.com\/austriangarden\/\"]}]}<\/script>\n<!-- \/ Yoast SEO plugin. -->","yoast_head_json":{"title":"Family Room - Austrian Garden","description":"The family room with a size of about 53 m2 is located on the ground floor and has a large living \/ bedroom and an additional, separate bedroom.","robots":{"index":"index","follow":"follow","max-snippet":"max-snippet:-1","max-image-preview":"max-image-preview:large","max-video-preview":"max-video-preview:-1"},"canonical":"https:\/\/austrian-garden.com\/en\/austrian-garden-hotel\/family-room\/","og_locale":"en_US","og_type":"article","og_title":"Family Room - Austrian Garden","og_description":"The family room with a size of about 53 m2 is located on the ground floor and has a large living \/ bedroom and an additional, separate bedroom.","og_url":"https:\/\/austrian-garden.com\/en\/austrian-garden-hotel\/family-room\/","og_site_name":"Austrian Garden","article_publisher":"https:\/\/www.facebook.com\/AustrianGarden\/","article_modified_time":"2026-04-18T02:13:23+00:00","twitter_card":"summary_large_image","twitter_misc":{"Est. reading time":"2 minutes"},"schema":{"@context":"https:\/\/schema.org","@graph":[{"@type":"WebPage","@id":"https:\/\/austrian-garden.com\/en\/austrian-garden-hotel\/family-room\/","url":"https:\/\/austrian-garden.com\/en\/austrian-garden-hotel\/family-room\/","name":"Family Room - Austrian Garden","isPartOf":{"@id":"https:\/\/austrian-garden.com\/en\/#website"},"datePublished":"2018-11-26T03:08:22+00:00","dateModified":"2026-04-18T02:13:23+00:00","description":"The family room with a size of about 53 m2 is located on the ground floor and has a large living \/ bedroom and an additional, separate bedroom.","breadcrumb":{"@id":"https:\/\/austrian-garden.com\/en\/austrian-garden-hotel\/family-room\/#breadcrumb"},"inLanguage":"en-US","potentialAction":[{"@type":"ReadAction","target":["https:\/\/austrian-garden.com\/en\/austrian-garden-hotel\/family-room\/"]}]},{"@type":"BreadcrumbList","@id":"https:\/\/austrian-garden.com\/en\/austrian-garden-hotel\/family-room\/#breadcrumb","itemListElement":[{"@type":"ListItem","position":1,"name":"Home","item":"https:\/\/austrian-garden.com\/en\/"},{"@type":"ListItem","position":2,"name":"Austrian Garden Hotel","item":"https:\/\/austrian-garden.com\/en\/austrian-garden-hotel\/"},{"@type":"ListItem","position":3,"name":"Family Room"}]},{"@type":"WebSite","@id":"https:\/\/austrian-garden.com\/en\/#website","url":"https:\/\/austrian-garden.com\/en\/","name":"Austrian Garden","description":"Hotel &amp; Restaurant Patong Phuket","publisher":{"@id":"https:\/\/austrian-garden.com\/en\/#organization"},"potentialAction":[{"@type":"SearchAction","target":{"@type":"EntryPoint","urlTemplate":"https:\/\/austrian-garden.com\/en\/?s={search_term_string}"},"query-input":{"@type":"PropertyValueSpecification","valueRequired":true,"valueName":"search_term_string"}}],"inLanguage":"en-US"},{"@type":"Organization","@id":"https:\/\/austrian-garden.com\/en\/#organization","name":"Austrian Garden Tai Pan Village","url":"https:\/\/austrian-garden.com\/en\/","logo":{"@type":"ImageObject","inLanguage":"en-US","@id":"https:\/\/austrian-garden.com\/en\/#\/schema\/logo\/image\/","url":"https:\/\/austrian-garden.com\/wp-content\/uploads\/2018\/10\/logo1.png","contentUrl":"https:\/\/austrian-garden.com\/wp-content\/uploads\/2018\/10\/logo1.png","width":267,"height":70,"caption":"Austrian Garden Tai Pan Village"},"image":{"@id":"https:\/\/austrian-garden.com\/en\/#\/schema\/logo\/image\/"},"sameAs":["https:\/\/www.facebook.com\/AustrianGarden\/","https:\/\/www.instagram.com\/austriangarden\/"]}]}},"_links":{"self":[{"href":"https:\/\/austrian-garden.com\/en\/wp-json\/wp\/v2\/pages\/7825","targetHints":{"allow":["GET"]}}],"collection":[{"href":"https:\/\/austrian-garden.com\/en\/wp-json\/wp\/v2\/pages"}],"about":[{"href":"https:\/\/austrian-garden.com\/en\/wp-json\/wp\/v2\/types\/page"}],"author":[{"embeddable":true,"href":"https:\/\/austrian-garden.com\/en\/wp-json\/wp\/v2\/users\/1"}],"replies":[{"embeddable":true,"href":"https:\/\/austrian-garden.com\/en\/wp-json\/wp\/v2\/comments?post=7825"}],"version-history":[{"count":12,"href":"https:\/\/austrian-garden.com\/en\/wp-json\/wp\/v2\/pages\/7825\/revisions"}],"predecessor-version":[{"id":9695,"href":"https:\/\/austrian-garden.com\/en\/wp-json\/wp\/v2\/pages\/7825\/revisions\/9695"}],"up":[{"embeddable":true,"href":"https:\/\/austrian-garden.com\/en\/wp-json\/wp\/v2\/pages\/7829"}],"wp:attachment":[{"href":"https:\/\/austrian-garden.com\/en\/wp-json\/wp\/v2\/media?parent=7825"}],"curies":[{"name":"wp","href":"https:\/\/api.w.org\/{rel}","templated":true}]}}